{"id":19854,"date":"2025-06-09T22:21:32","date_gmt":"2025-06-09T19:21:32","guid":{"rendered":"https:\/\/www.crealabagency.com\/?page_id=19854"},"modified":"2026-03-29T16:11:40","modified_gmt":"2026-03-29T13:11:40","slug":"zeynep-sarsilmaz","status":"publish","type":"page","link":"https:\/\/www.crealabagency.com\/en\/zeynep-sarsilmaz\/","title":{"rendered":"Zeynep Sars\u0131lmaz"},"content":{"rendered":"\t\t<div data-elementor-type=\"wp-page\" data-elementor-id=\"19854\" class=\"elementor elementor-19854\">\n\t\t\t\t        <section class=\"elementor-section elementor-top-section elementor-element elementor-element-b010cd8 elementor-section-stretched pxl-row-scroll-fixed elementor-section-content-middle elementor-section-boxed elementor-section-height-default elementor-section-height-default pxl-column-overflow-gradient-top-no pxl-column-overflow-gradient-bottom-no pxl-section-bg-none\" data-id=\"b010cd8\" data-element_type=\"section\" data-settings=\"{&quot;stretch_section&quot;:&quot;section-stretched&quot;}\">\n\n                \n                <div class=\"elementor-container elementor-column-gap-extended \">\n                <div class=\"elementor-column elementor-col-50 elementor-top-column elementor-element elementor-element-dec064a pxl-column-sticky pxl-section-offset-none\" data-id=\"dec064a\" data-element_type=\"column\">\r\n        <div class=\"elementor-widget-wrap elementor-element-populated\">\r\n                     \r\n        \t\t<div class=\"elementor-element elementor-element-3cf7fbf elementor-widget elementor-widget-pxl_image\" data-id=\"3cf7fbf\" data-element_type=\"widget\" data-widget_type=\"pxl_image.default\">\n\t\t\t\t<div class=\"elementor-widget-container\">\n\t\t\t\t\t<div class=\"pxl-image-single pxl-image-single1 pxl-image-ink \" data-wow-delay=\"ms\" data-wow-duration=\"1.2s\">\r\n    \r\n            <div class=\"pxl-item--image\">\r\n                        <img fetchpriority=\"high\" decoding=\"async\" width=\"614\" height=\"689\" src=\"https:\/\/www.crealabagency.com\/wp-content\/uploads\/2025\/06\/zeynep-sarsilmaz.jpg\" class=\"no-lazyload attachment-full\" alt=\"\" loading=\"eager\" \/>                    <\/div>\r\n        <\/div>\t\t\t\t<\/div>\n\t\t\t\t<\/div>\n\t\t            <\/div>\r\n        <\/div>\r\n                <div class=\"elementor-column elementor-col-50 elementor-top-column elementor-element elementor-element-3506f11 pxl-section-offset-none pxl-column-none\" data-id=\"3506f11\" data-element_type=\"column\">\r\n        <div class=\"elementor-widget-wrap elementor-element-populated\">\r\n                     \r\n        \t\t<div class=\"elementor-element elementor-element-dca9549 elementor-widget elementor-widget-pxl_heading\" data-id=\"dca9549\" data-element_type=\"widget\" data-widget_type=\"pxl_heading.default\">\n\t\t\t\t<div class=\"elementor-widget-container\">\n\t\t\t\t\t<div class=\"pxl-heading  \">\n\t<div class=\"pxl-heading--inner \">\n\t\t\t\t<h3 class=\"pxl-item--title style1 df divider-none   \" data-wow-delay=\"ms\" data-wow-duration=\"1.2s\">\n\t\tZeynep Sars\u0131lmaz\t\t\t\t<\/h3>\n\t<\/div>\n<\/div>\n\t\t\t\t<\/div>\n\t\t\t\t<\/div>\n\t\t\t\t<div class=\"elementor-element elementor-element-0e5984d elementor-widget elementor-widget-pxl_heading\" data-id=\"0e5984d\" data-element_type=\"widget\" data-widget_type=\"pxl_heading.default\">\n\t\t\t\t<div class=\"elementor-widget-container\">\n\t\t\t\t\t<div class=\"pxl-heading  \">\n\t<div class=\"pxl-heading--inner \">\n\t\t\t\t<h2 class=\"pxl-item--title style1 df divider-right   \" data-wow-delay=\"ms\" data-wow-duration=\"1.2s\">\n\t\tFounder &#038; Creative Lead\t\t\t\t<\/h2>\n\t<\/div>\n<\/div>\n\t\t\t\t<\/div>\n\t\t\t\t<\/div>\n\t\t\t\t<div class=\"elementor-element elementor-element-33eb693 elementor-widget elementor-widget-pxl_text_editor\" data-id=\"33eb693\" data-element_type=\"widget\" data-widget_type=\"pxl_text_editor.default\">\n\t\t\t\t<div class=\"elementor-widget-container\">\n\t\t\t\t\t<div class=\"pxl-text-editor \" data-wow-delay=\"ms\" data-wow-duration=\"1.2s\">\n\t<div class=\"pxl-item--inner    \">\n\t\t<p><span style=\"font-weight: 400\">With one foot in Istanbul and the other in Edremit, Bal\u0131kesir, Zeynep Sars\u0131lmaz graduated from Istanbul Bilgi University with degrees in Media and Communication Systems and Advertising. She worked as a writer in the arts and culture departments of various newspapers and magazines. With over 15 years of experience in content production, copywriting, and digital communication, Zeynep is now the founder of Crealab, a creative communicator who transforms strategies into narratives and develops unique communication languages for brands. \u201cI love pontificating on things I actually know about,\u201d says Zeynep, who also mentors young writers just starting their careers. She keeps writing fictional stories, poems, and essays\u00a0 whenever she gets the chance.<\/span><\/p>\t<\/div>\n<\/div>\n\t\t\t\t<\/div>\n\t\t\t\t<\/div>\n\t\t\t\t<div class=\"elementor-element elementor-element-e65d016 elementor-widget elementor-widget-pxl_icon\" data-id=\"e65d016\" data-element_type=\"widget\" data-widget_type=\"pxl_icon.default\">\n\t\t\t\t<div class=\"elementor-widget-container\">\n\t\t\t\t\t    <div class=\"pxl-icon1 style3 pxl-inline-block\">\r\n        <div class=\"inner-layout\">\r\n                                                <a class=\"elementor-repeater-item-55b21f4 \" href=\"https:\/\/www.linkedin.com\/in\/zynpsrslmz\/\" target=\"_blank\" data-wow-delay=\"ms\" data-wow-duration=\"1.2s\">\r\n                        <i aria-hidden=\"true\" class=\"fab fa-linkedin-in\"><\/i>                                            <\/a>\r\n                                              \r\n                                            <a class=\"elementor-repeater-item-fdeed3c \" href=\"https:\/\/www.instagram.com\/boslukdoldurmauzmani\/ \" target=\"_blank\" data-wow-delay=\"ms\" data-wow-duration=\"1.2s\">\r\n                        <i aria-hidden=\"true\" class=\"bootstrap-icons bi-instagram\"><\/i>                                            <\/a>\r\n                                              \r\n                                            <a class=\"elementor-repeater-item-d282c0e \" href=\"https:\/\/medium.com\/@zeynepsarsilmaz \" target=\"_blank\" data-wow-delay=\"ms\" data-wow-duration=\"1.2s\">\r\n                        <i aria-hidden=\"true\" class=\"bootstrap-icons bi-medium\"><\/i>                                            <\/a>\r\n                                              \r\n            <\/div>\r\n<\/div>\r\n\t\t\t\t<\/div>\n\t\t\t\t<\/div>\n\t\t            <\/div>\r\n        <\/div>\r\n        \t\t\t<\/div>\n\t\t<\/section>\n\t\t\t\t<\/div>\n\t\t","protected":false},"excerpt":{"rendered":"<p>Zeynep Sars\u0131lmaz Founder &#038; Creative Lead With one foot in Istanbul and the other in Edremit, Bal\u0131kesir, Zeynep Sars\u0131lmaz graduated from Istanbul Bilgi University with degrees in Media and Communication Systems and Advertising. She worked as a writer in the arts and culture departments of various newspapers and magazines. With over 15 years of experience [&hellip;]<\/p>\n","protected":false},"author":1,"featured_media":0,"parent":0,"menu_order":0,"comment_status":"closed","ping_status":"closed","template":"","meta":{"footnotes":""},"class_list":["post-19854","page","type-page","status-publish","hentry"],"aioseo_notices":[],"_links":{"self":[{"href":"https:\/\/www.crealabagency.com\/en\/wp-json\/wp\/v2\/pages\/19854","targetHints":{"allow":["GET"]}}],"collection":[{"href":"https:\/\/www.crealabagency.com\/en\/wp-json\/wp\/v2\/pages"}],"about":[{"href":"https:\/\/www.crealabagency.com\/en\/wp-json\/wp\/v2\/types\/page"}],"author":[{"embeddable":true,"href":"https:\/\/www.crealabagency.com\/en\/wp-json\/wp\/v2\/users\/1"}],"replies":[{"embeddable":true,"href":"https:\/\/www.crealabagency.com\/en\/wp-json\/wp\/v2\/comments?post=19854"}],"version-history":[{"count":7,"href":"https:\/\/www.crealabagency.com\/en\/wp-json\/wp\/v2\/pages\/19854\/revisions"}],"predecessor-version":[{"id":20086,"href":"https:\/\/www.crealabagency.com\/en\/wp-json\/wp\/v2\/pages\/19854\/revisions\/20086"}],"wp:attachment":[{"href":"https:\/\/www.crealabagency.com\/en\/wp-json\/wp\/v2\/media?parent=19854"}],"curies":[{"name":"wp","href":"https:\/\/api.w.org\/{rel}","templated":true}]}}