{"id":19839,"date":"2025-06-09T22:16:37","date_gmt":"2025-06-09T19:16:37","guid":{"rendered":"https:\/\/www.crealabagency.com\/?page_id=19839"},"modified":"2025-06-10T01:09:31","modified_gmt":"2025-06-09T22:09:31","slug":"nuri-ufuk-sarsilmaz","status":"publish","type":"page","link":"https:\/\/www.crealabagency.com\/en\/nuri-ufuk-sarsilmaz\/","title":{"rendered":"Nuri Ufuk Sars\u0131lmaz"},"content":{"rendered":"\t\t<div data-elementor-type=\"wp-page\" data-elementor-id=\"19839\" class=\"elementor elementor-19839\">\n\t\t\t\t        <section class=\"elementor-section elementor-top-section elementor-element elementor-element-b010cd8 elementor-section-stretched pxl-row-scroll-fixed elementor-section-content-middle elementor-section-boxed elementor-section-height-default elementor-section-height-default pxl-column-overflow-gradient-top-no pxl-column-overflow-gradient-bottom-no pxl-section-bg-none\" data-id=\"b010cd8\" data-element_type=\"section\" data-settings=\"{&quot;stretch_section&quot;:&quot;section-stretched&quot;}\">\n\n                \n                <div class=\"elementor-container elementor-column-gap-extended \">\n                <div class=\"elementor-column elementor-col-50 elementor-top-column elementor-element elementor-element-dec064a pxl-column-sticky pxl-section-offset-none\" data-id=\"dec064a\" data-element_type=\"column\">\r\n        <div class=\"elementor-widget-wrap elementor-element-populated\">\r\n                     \r\n        \t\t<div class=\"elementor-element elementor-element-3cf7fbf elementor-widget elementor-widget-pxl_image\" data-id=\"3cf7fbf\" data-element_type=\"widget\" data-widget_type=\"pxl_image.default\">\n\t\t\t\t<div class=\"elementor-widget-container\">\n\t\t\t\t\t<div class=\"pxl-image-single pxl-image-single1 pxl-image-ink \" data-wow-delay=\"ms\" data-wow-duration=\"1.2s\">\r\n    \r\n            <div class=\"pxl-item--image\">\r\n                        <img fetchpriority=\"high\" decoding=\"async\" width=\"614\" height=\"689\" src=\"https:\/\/www.crealabagency.com\/wp-content\/uploads\/2025\/06\/nuri-ufuk-sarsilmaz.jpg\" class=\"no-lazyload attachment-full\" alt=\"\" loading=\"eager\" \/>                    <\/div>\r\n        <\/div>\t\t\t\t<\/div>\n\t\t\t\t<\/div>\n\t\t            <\/div>\r\n        <\/div>\r\n                <div class=\"elementor-column elementor-col-50 elementor-top-column elementor-element elementor-element-3506f11 pxl-section-offset-none pxl-column-none\" data-id=\"3506f11\" data-element_type=\"column\">\r\n        <div class=\"elementor-widget-wrap elementor-element-populated\">\r\n                     \r\n        \t\t<div class=\"elementor-element elementor-element-dca9549 elementor-widget elementor-widget-pxl_heading\" data-id=\"dca9549\" data-element_type=\"widget\" data-widget_type=\"pxl_heading.default\">\n\t\t\t\t<div class=\"elementor-widget-container\">\n\t\t\t\t\t<div class=\"pxl-heading  \">\n\t<div class=\"pxl-heading--inner \">\n\t\t\t\t<h3 class=\"pxl-item--title style1 df divider-none   \" data-wow-delay=\"ms\" data-wow-duration=\"1.2s\">\n\t\tNuri Ufuk Sars\u0131lmaz\t\t\t\t<\/h3>\n\t<\/div>\n<\/div>\n\t\t\t\t<\/div>\n\t\t\t\t<\/div>\n\t\t\t\t<div class=\"elementor-element elementor-element-0e5984d elementor-widget elementor-widget-pxl_heading\" data-id=\"0e5984d\" data-element_type=\"widget\" data-widget_type=\"pxl_heading.default\">\n\t\t\t\t<div class=\"elementor-widget-container\">\n\t\t\t\t\t<div class=\"pxl-heading  \">\n\t<div class=\"pxl-heading--inner \">\n\t\t\t\t<h2 class=\"pxl-item--title style1 df divider-right   \" data-wow-delay=\"ms\" data-wow-duration=\"1.2s\">\n\t\tMarketing Advisor\t\t\t\t<\/h2>\n\t<\/div>\n<\/div>\n\t\t\t\t<\/div>\n\t\t\t\t<\/div>\n\t\t\t\t<div class=\"elementor-element elementor-element-33eb693 elementor-widget elementor-widget-pxl_text_editor\" data-id=\"33eb693\" data-element_type=\"widget\" data-widget_type=\"pxl_text_editor.default\">\n\t\t\t\t<div class=\"elementor-widget-container\">\n\t\t\t\t\t<div class=\"pxl-text-editor \" data-wow-delay=\"ms\" data-wow-duration=\"1.2s\">\n\t<div class=\"pxl-item--inner    \">\n\t\t<p><span style=\"font-weight: 400\">The youngest member of the team, Nuri Ufuk Sars\u0131lmaz lives in Edremit, Bal\u0131kesir. Originally a civil engineer, Ufuk pivoted early toward sales and marketing and became the mastermind behind ideas that have shaped the field for over 40 years. The man behind projects like the national Museum Pass that touched the lives of millions, Ufuk has built a portfolio so vast and varied, we still haven\u2019t heard the full story. Now serving as Crealab\u2019s marketing advisor, he steers the team with sharp instincts, decades of experience, and an eagle eye for detail. If our answers don\u2019t satisfy his \u201cafterlife-level\u201d questions, don\u2019t even think about moving forward. Sometimes a shadow, sometimes a spotlight, Ufuk stands behind the team as a mentor everyone trusts to have their back.<\/span><\/p>\t<\/div>\n<\/div>\n\t\t\t\t<\/div>\n\t\t\t\t<\/div>\n\t\t            <\/div>\r\n        <\/div>\r\n        \t\t\t<\/div>\n\t\t<\/section>\n\t\t\t\t<\/div>\n\t\t","protected":false},"excerpt":{"rendered":"<p>Nuri Ufuk Sars\u0131lmaz Marketing Advisor The youngest member of the team, Nuri Ufuk Sars\u0131lmaz lives in Edremit, Bal\u0131kesir. Originally a civil engineer, Ufuk pivoted early toward sales and marketing and became the mastermind behind ideas that have shaped the field for over 40 years. The man behind projects like the national Museum Pass that touched [&hellip;]<\/p>\n","protected":false},"author":1,"featured_media":0,"parent":0,"menu_order":0,"comment_status":"closed","ping_status":"closed","template":"","meta":{"footnotes":""},"class_list":["post-19839","page","type-page","status-publish","hentry"],"aioseo_notices":[],"_links":{"self":[{"href":"https:\/\/www.crealabagency.com\/en\/wp-json\/wp\/v2\/pages\/19839","targetHints":{"allow":["GET"]}}],"collection":[{"href":"https:\/\/www.crealabagency.com\/en\/wp-json\/wp\/v2\/pages"}],"about":[{"href":"https:\/\/www.crealabagency.com\/en\/wp-json\/wp\/v2\/types\/page"}],"author":[{"embeddable":true,"href":"https:\/\/www.crealabagency.com\/en\/wp-json\/wp\/v2\/users\/1"}],"replies":[{"embeddable":true,"href":"https:\/\/www.crealabagency.com\/en\/wp-json\/wp\/v2\/comments?post=19839"}],"version-history":[{"count":4,"href":"https:\/\/www.crealabagency.com\/en\/wp-json\/wp\/v2\/pages\/19839\/revisions"}],"predecessor-version":[{"id":19843,"href":"https:\/\/www.crealabagency.com\/en\/wp-json\/wp\/v2\/pages\/19839\/revisions\/19843"}],"wp:attachment":[{"href":"https:\/\/www.crealabagency.com\/en\/wp-json\/wp\/v2\/media?parent=19839"}],"curies":[{"name":"wp","href":"https:\/\/api.w.org\/{rel}","templated":true}]}}