{"id":19830,"date":"2025-06-09T22:13:04","date_gmt":"2025-06-09T19:13:04","guid":{"rendered":"https:\/\/www.crealabagency.com\/?page_id=19830"},"modified":"2026-03-29T16:06:48","modified_gmt":"2026-03-29T13:06:48","slug":"gokhan-ercumen","status":"publish","type":"page","link":"https:\/\/www.crealabagency.com\/en\/gokhan-ercumen\/","title":{"rendered":"G\u00f6khan Erc\u00fcmen"},"content":{"rendered":"\t\t<div data-elementor-type=\"wp-page\" data-elementor-id=\"19830\" class=\"elementor elementor-19830\">\n\t\t\t\t        <section class=\"elementor-section elementor-top-section elementor-element elementor-element-b010cd8 elementor-section-stretched pxl-row-scroll-fixed elementor-section-content-middle elementor-section-boxed elementor-section-height-default elementor-section-height-default pxl-column-overflow-gradient-top-no pxl-column-overflow-gradient-bottom-no pxl-section-bg-none\" data-id=\"b010cd8\" data-element_type=\"section\" data-settings=\"{&quot;stretch_section&quot;:&quot;section-stretched&quot;}\">\n\n                \n                <div class=\"elementor-container elementor-column-gap-extended \">\n                <div class=\"elementor-column elementor-col-50 elementor-top-column elementor-element elementor-element-dec064a pxl-column-sticky pxl-section-offset-none\" data-id=\"dec064a\" data-element_type=\"column\">\r\n        <div class=\"elementor-widget-wrap elementor-element-populated\">\r\n                     \r\n        \t\t<div class=\"elementor-element elementor-element-3cf7fbf elementor-widget elementor-widget-pxl_image\" data-id=\"3cf7fbf\" data-element_type=\"widget\" data-widget_type=\"pxl_image.default\">\n\t\t\t\t<div class=\"elementor-widget-container\">\n\t\t\t\t\t<div class=\"pxl-image-single pxl-image-single1 pxl-image-ink \" data-wow-delay=\"ms\" data-wow-duration=\"1.2s\">\r\n    \r\n            <div class=\"pxl-item--image\">\r\n                        <img fetchpriority=\"high\" decoding=\"async\" width=\"614\" height=\"689\" src=\"https:\/\/www.crealabagency.com\/wp-content\/uploads\/2025\/06\/Gokhan-Ercumen.jpg\" class=\"no-lazyload attachment-full\" alt=\"\" loading=\"eager\" \/>                    <\/div>\r\n        <\/div>\t\t\t\t<\/div>\n\t\t\t\t<\/div>\n\t\t            <\/div>\r\n        <\/div>\r\n                <div class=\"elementor-column elementor-col-50 elementor-top-column elementor-element elementor-element-3506f11 pxl-section-offset-none pxl-column-none\" data-id=\"3506f11\" data-element_type=\"column\">\r\n        <div class=\"elementor-widget-wrap elementor-element-populated\">\r\n                     \r\n        \t\t<div class=\"elementor-element elementor-element-dca9549 elementor-widget elementor-widget-pxl_heading\" data-id=\"dca9549\" data-element_type=\"widget\" data-widget_type=\"pxl_heading.default\">\n\t\t\t\t<div class=\"elementor-widget-container\">\n\t\t\t\t\t<div class=\"pxl-heading  \">\n\t<div class=\"pxl-heading--inner \">\n\t\t\t\t<h3 class=\"pxl-item--title style1 df divider-none   \" data-wow-delay=\"ms\" data-wow-duration=\"1.2s\">\n\t\tG\u00f6khan Erc\u00fcmen\t\t\t\t<\/h3>\n\t<\/div>\n<\/div>\n\t\t\t\t<\/div>\n\t\t\t\t<\/div>\n\t\t\t\t<div class=\"elementor-element elementor-element-0e5984d elementor-widget elementor-widget-pxl_heading\" data-id=\"0e5984d\" data-element_type=\"widget\" data-widget_type=\"pxl_heading.default\">\n\t\t\t\t<div class=\"elementor-widget-container\">\n\t\t\t\t\t<div class=\"pxl-heading  \">\n\t<div class=\"pxl-heading--inner \">\n\t\t\t\t<h2 class=\"pxl-item--title style1 df divider-right   \" data-wow-delay=\"ms\" data-wow-duration=\"1.2s\">\n\t\tSocial Media Specialist\t\t\t\t<\/h2>\n\t<\/div>\n<\/div>\n\t\t\t\t<\/div>\n\t\t\t\t<\/div>\n\t\t\t\t<div class=\"elementor-element elementor-element-33eb693 elementor-widget elementor-widget-pxl_text_editor\" data-id=\"33eb693\" data-element_type=\"widget\" data-widget_type=\"pxl_text_editor.default\">\n\t\t\t\t<div class=\"elementor-widget-container\">\n\t\t\t\t\t<div class=\"pxl-text-editor \" data-wow-delay=\"ms\" data-wow-duration=\"1.2s\">\n\t<div class=\"pxl-item--inner    \">\n\t\t<p><span style=\"font-weight: 400\">Based in \u0130zmir, G\u00f6khan Erc\u00fcmen is a Journalism graduate from Ege University. About a decade ago, he took a leap into social media management with an unwavering belief in its power to influence the masses \u201cwhether they like it or not.\u201d He&#8217;s an expert who knows all of social media&#8217;s secrets, from the conceptual seeds of content creation to the intricacies of account management, from the strategic calculations of campaign planning to the brutal truths of analytics. G\u00f6khan&#8217;s mission is blending visuals with copy and strategy with creativity. He\u2019s the guy with the answers to those dark questions such as, \u201cWhy didn\u2019t that post go viral?\u201d, \u201cWhy is no one watching your stories?\u201d or \u201cWhere did your followers go?\u201d Known for keeping his cool during social media meltdowns and somehow turning crises into opportunities, G\u00f6khan&#8217;s biggest dream is to survive the era when brands say, \u201cAh, just post it, what\u2019s the worst that can happen?\u201d<\/span><\/p>\t<\/div>\n<\/div>\n\t\t\t\t<\/div>\n\t\t\t\t<\/div>\n\t\t\t\t<div class=\"elementor-element elementor-element-e65d016 elementor-widget elementor-widget-pxl_icon\" data-id=\"e65d016\" data-element_type=\"widget\" data-widget_type=\"pxl_icon.default\">\n\t\t\t\t<div class=\"elementor-widget-container\">\n\t\t\t\t\t    <div class=\"pxl-icon1 style3 pxl-inline-block\">\r\n        <div class=\"inner-layout\">\r\n                                                <a class=\"elementor-repeater-item-fdeed3c \" href=\"https:\/\/www.instagram.com\/crealabsimaginers\/\" target=\"_blank\" data-wow-delay=\"ms\" data-wow-duration=\"1.2s\">\r\n                        <i aria-hidden=\"true\" class=\"bootstrap-icons bi-instagram\"><\/i>                                            <\/a>\r\n                                              \r\n                                            <a class=\"elementor-repeater-item-55b21f4 \" href=\"https:\/\/www.linkedin.com\/company\/crealabagency\/\" target=\"_blank\" data-wow-delay=\"ms\" data-wow-duration=\"1.2s\">\r\n                        <i aria-hidden=\"true\" class=\"fab fa-linkedin-in\"><\/i>                                            <\/a>\r\n                                              \r\n            <\/div>\r\n<\/div>\r\n\t\t\t\t<\/div>\n\t\t\t\t<\/div>\n\t\t            <\/div>\r\n        <\/div>\r\n        \t\t\t<\/div>\n\t\t<\/section>\n\t\t\t\t<\/div>\n\t\t","protected":false},"excerpt":{"rendered":"<p>G\u00f6khan Erc\u00fcmen Social Media Specialist Based in \u0130zmir, G\u00f6khan Erc\u00fcmen is a Journalism graduate from Ege University. About a decade ago, he took a leap into social media management with an unwavering belief in its power to influence the masses \u201cwhether they like it or not.\u201d He&#8217;s an expert who knows all of social media&#8217;s [&hellip;]<\/p>\n","protected":false},"author":1,"featured_media":0,"parent":0,"menu_order":0,"comment_status":"closed","ping_status":"closed","template":"","meta":{"footnotes":""},"class_list":["post-19830","page","type-page","status-publish","hentry"],"aioseo_notices":[],"_links":{"self":[{"href":"https:\/\/www.crealabagency.com\/en\/wp-json\/wp\/v2\/pages\/19830","targetHints":{"allow":["GET"]}}],"collection":[{"href":"https:\/\/www.crealabagency.com\/en\/wp-json\/wp\/v2\/pages"}],"about":[{"href":"https:\/\/www.crealabagency.com\/en\/wp-json\/wp\/v2\/types\/page"}],"author":[{"embeddable":true,"href":"https:\/\/www.crealabagency.com\/en\/wp-json\/wp\/v2\/users\/1"}],"replies":[{"embeddable":true,"href":"https:\/\/www.crealabagency.com\/en\/wp-json\/wp\/v2\/comments?post=19830"}],"version-history":[{"count":7,"href":"https:\/\/www.crealabagency.com\/en\/wp-json\/wp\/v2\/pages\/19830\/revisions"}],"predecessor-version":[{"id":20062,"href":"https:\/\/www.crealabagency.com\/en\/wp-json\/wp\/v2\/pages\/19830\/revisions\/20062"}],"wp:attachment":[{"href":"https:\/\/www.crealabagency.com\/en\/wp-json\/wp\/v2\/media?parent=19830"}],"curies":[{"name":"wp","href":"https:\/\/api.w.org\/{rel}","templated":true}]}}