{"id":19823,"date":"2025-06-09T22:09:26","date_gmt":"2025-06-09T19:09:26","guid":{"rendered":"https:\/\/www.crealabagency.com\/?page_id=19823"},"modified":"2025-06-10T01:04:45","modified_gmt":"2025-06-09T22:04:45","slug":"ayfer-yesil","status":"publish","type":"page","link":"https:\/\/www.crealabagency.com\/en\/ayfer-yesil\/","title":{"rendered":"Ayfer Ye\u015fil"},"content":{"rendered":"\t\t<div data-elementor-type=\"wp-page\" data-elementor-id=\"19823\" class=\"elementor elementor-19823\">\n\t\t\t\t        <section class=\"elementor-section elementor-top-section elementor-element elementor-element-b010cd8 elementor-section-stretched pxl-row-scroll-fixed elementor-section-content-middle elementor-section-boxed elementor-section-height-default elementor-section-height-default pxl-column-overflow-gradient-top-no pxl-column-overflow-gradient-bottom-no pxl-section-bg-none\" data-id=\"b010cd8\" data-element_type=\"section\" data-settings=\"{&quot;stretch_section&quot;:&quot;section-stretched&quot;}\">\n\n                \n                <div class=\"elementor-container elementor-column-gap-extended \">\n                <div class=\"elementor-column elementor-col-50 elementor-top-column elementor-element elementor-element-dec064a pxl-column-sticky pxl-section-offset-none\" data-id=\"dec064a\" data-element_type=\"column\">\r\n        <div class=\"elementor-widget-wrap elementor-element-populated\">\r\n                     \r\n        \t\t<div class=\"elementor-element elementor-element-3cf7fbf elementor-widget elementor-widget-pxl_image\" data-id=\"3cf7fbf\" data-element_type=\"widget\" data-widget_type=\"pxl_image.default\">\n\t\t\t\t<div class=\"elementor-widget-container\">\n\t\t\t\t\t<div class=\"pxl-image-single pxl-image-single1 pxl-image-ink \" data-wow-delay=\"ms\" data-wow-duration=\"1.2s\">\r\n    \r\n            <div class=\"pxl-item--image\">\r\n                        <img fetchpriority=\"high\" decoding=\"async\" width=\"614\" height=\"689\" src=\"https:\/\/www.crealabagency.com\/wp-content\/uploads\/2025\/06\/ayfer-yesil.jpg\" class=\"no-lazyload attachment-full\" alt=\"\" loading=\"eager\" \/>                    <\/div>\r\n        <\/div>\t\t\t\t<\/div>\n\t\t\t\t<\/div>\n\t\t            <\/div>\r\n        <\/div>\r\n                <div class=\"elementor-column elementor-col-50 elementor-top-column elementor-element elementor-element-3506f11 pxl-section-offset-none pxl-column-none\" data-id=\"3506f11\" data-element_type=\"column\">\r\n        <div class=\"elementor-widget-wrap elementor-element-populated\">\r\n                     \r\n        \t\t<div class=\"elementor-element elementor-element-dca9549 elementor-widget elementor-widget-pxl_heading\" data-id=\"dca9549\" data-element_type=\"widget\" data-widget_type=\"pxl_heading.default\">\n\t\t\t\t<div class=\"elementor-widget-container\">\n\t\t\t\t\t<div class=\"pxl-heading  \">\n\t<div class=\"pxl-heading--inner \">\n\t\t\t\t<h3 class=\"pxl-item--title style1 df divider-none   \" data-wow-delay=\"ms\" data-wow-duration=\"1.2s\">\n\t\tAyfer Ye\u015fil\t\t\t\t<\/h3>\n\t<\/div>\n<\/div>\n\t\t\t\t<\/div>\n\t\t\t\t<\/div>\n\t\t\t\t<div class=\"elementor-element elementor-element-0e5984d elementor-widget elementor-widget-pxl_heading\" data-id=\"0e5984d\" data-element_type=\"widget\" data-widget_type=\"pxl_heading.default\">\n\t\t\t\t<div class=\"elementor-widget-container\">\n\t\t\t\t\t<div class=\"pxl-heading  \">\n\t<div class=\"pxl-heading--inner \">\n\t\t\t\t<h2 class=\"pxl-item--title style1 df divider-right   \" data-wow-delay=\"ms\" data-wow-duration=\"1.2s\">\n\t\tGraphic Designer\t\t\t\t<\/h2>\n\t<\/div>\n<\/div>\n\t\t\t\t<\/div>\n\t\t\t\t<\/div>\n\t\t\t\t<div class=\"elementor-element elementor-element-33eb693 elementor-widget elementor-widget-pxl_text_editor\" data-id=\"33eb693\" data-element_type=\"widget\" data-widget_type=\"pxl_text_editor.default\">\n\t\t\t\t<div class=\"elementor-widget-container\">\n\t\t\t\t\t<div class=\"pxl-text-editor \" data-wow-delay=\"ms\" data-wow-duration=\"1.2s\">\n\t<div class=\"pxl-item--inner    \">\n\t\t<p><span style=\"font-weight: 400\">Ayfer Ye\u015fil, who fulfills every white-collar dream, lives in Ka\u015f, Antalya. While studying Tourism Management at Alanya University, she unexpectedly crossed paths with graphic design, and what followed was a long, winding journey that turned her into a visual communication whiz. For over five years, Ayfer has been working across corporate identity, social media, and graphic design, adding color and clarity to every brand she touches. Ayfer, who stands out with her unique talents that make you say, \u201cIf I had a view like that, I would design like that too,\u201d is also very interested in developing creative strategies and thinking about AI-powered image generation techniques. And yes, she can enlarge the logo without having a mental breakdown.<\/span><\/p>\t<\/div>\n<\/div>\n\t\t\t\t<\/div>\n\t\t\t\t<\/div>\n\t\t\t\t<div class=\"elementor-element elementor-element-ee16758 elementor-widget elementor-widget-pxl_icon\" data-id=\"ee16758\" data-element_type=\"widget\" data-widget_type=\"pxl_icon.default\">\n\t\t\t\t<div class=\"elementor-widget-container\">\n\t\t\t\t\t    <div class=\"pxl-icon1 style3 pxl-inline-block\">\r\n        <div class=\"inner-layout\">\r\n                                                <a class=\"elementor-repeater-item-fdeed3c \" href=\"https:\/\/www.instagram.com\/innovayworks\/ \" target=\"_blank\" data-wow-delay=\"ms\" data-wow-duration=\"1.2s\">\r\n                        <i aria-hidden=\"true\" class=\"bootstrap-icons bi-instagram\"><\/i>                                            <\/a>\r\n                                              \r\n                                            <a class=\"elementor-repeater-item-55b21f4 \" href=\"https:\/\/www.linkedin.com\/in\/ayfer-ye%C5%9Fil-innovayworks\/ \" target=\"_blank\" data-wow-delay=\"ms\" data-wow-duration=\"1.2s\">\r\n                        <i aria-hidden=\"true\" class=\"fab fa-linkedin-in\"><\/i>                                            <\/a>\r\n                                              \r\n                                            <a class=\"elementor-repeater-item-9912afa \" href=\"https:\/\/www.behance.net\/ayferyesil \" target=\"_blank\" data-wow-delay=\"ms\" data-wow-duration=\"1.2s\">\r\n                        <i aria-hidden=\"true\" class=\"fab fa-behance\"><\/i>                                            <\/a>\r\n                                              \r\n            <\/div>\r\n<\/div>\r\n\t\t\t\t<\/div>\n\t\t\t\t<\/div>\n\t\t            <\/div>\r\n        <\/div>\r\n        \t\t\t<\/div>\n\t\t<\/section>\n\t\t\t\t<\/div>\n\t\t","protected":false},"excerpt":{"rendered":"<p>Ayfer Ye\u015fil Graphic Designer Ayfer Ye\u015fil, who fulfills every white-collar dream, lives in Ka\u015f, Antalya. While studying Tourism Management at Alanya University, she unexpectedly crossed paths with graphic design, and what followed was a long, winding journey that turned her into a visual communication whiz. For over five years, Ayfer has been working across corporate [&hellip;]<\/p>\n","protected":false},"author":1,"featured_media":0,"parent":0,"menu_order":0,"comment_status":"closed","ping_status":"closed","template":"","meta":{"footnotes":""},"class_list":["post-19823","page","type-page","status-publish","hentry"],"aioseo_notices":[],"_links":{"self":[{"href":"https:\/\/www.crealabagency.com\/en\/wp-json\/wp\/v2\/pages\/19823","targetHints":{"allow":["GET"]}}],"collection":[{"href":"https:\/\/www.crealabagency.com\/en\/wp-json\/wp\/v2\/pages"}],"about":[{"href":"https:\/\/www.crealabagency.com\/en\/wp-json\/wp\/v2\/types\/page"}],"author":[{"embeddable":true,"href":"https:\/\/www.crealabagency.com\/en\/wp-json\/wp\/v2\/users\/1"}],"replies":[{"embeddable":true,"href":"https:\/\/www.crealabagency.com\/en\/wp-json\/wp\/v2\/comments?post=19823"}],"version-history":[{"count":5,"href":"https:\/\/www.crealabagency.com\/en\/wp-json\/wp\/v2\/pages\/19823\/revisions"}],"predecessor-version":[{"id":19909,"href":"https:\/\/www.crealabagency.com\/en\/wp-json\/wp\/v2\/pages\/19823\/revisions\/19909"}],"wp:attachment":[{"href":"https:\/\/www.crealabagency.com\/en\/wp-json\/wp\/v2\/media?parent=19823"}],"curies":[{"name":"wp","href":"https:\/\/api.w.org\/{rel}","templated":true}]}}