{"id":19720,"date":"2025-06-09T20:52:27","date_gmt":"2025-06-09T17:52:27","guid":{"rendered":"https:\/\/www.crealabagency.com\/?page_id=19720"},"modified":"2026-03-29T16:11:18","modified_gmt":"2026-03-29T13:11:18","slug":"team","status":"publish","type":"page","link":"https:\/\/www.crealabagency.com\/en\/team\/","title":{"rendered":"Team"},"content":{"rendered":"\t\t<div data-elementor-type=\"wp-page\" data-elementor-id=\"19720\" class=\"elementor elementor-19720\">\n\t\t\t\t        <section class=\"elementor-section elementor-top-section elementor-element elementor-element-0429e34 elementor-section-stretched elementor-section-boxed elementor-section-height-default elementor-section-height-default pxl-row-scroll-none pxl-column-overflow-gradient-top-no pxl-column-overflow-gradient-bottom-no pxl-section-bg-none\" data-id=\"0429e34\" data-element_type=\"section\" data-settings=\"{&quot;stretch_section&quot;:&quot;section-stretched&quot;}\">\n\n                \n                <div class=\"elementor-container elementor-column-gap-extended \">\n                <div class=\"elementor-column elementor-col-100 elementor-top-column elementor-element elementor-element-5e70e20 pxl-section-offset-none pxl-column-none\" data-id=\"5e70e20\" data-element_type=\"column\">\r\n        <div class=\"elementor-widget-wrap elementor-element-populated\">\r\n                     \r\n        \t\t<div class=\"elementor-element elementor-element-82282db pxl-gradient elementor-widget elementor-widget-pxl_team_grid\" data-id=\"82282db\" data-element_type=\"widget\" data-widget_type=\"pxl_team_grid.default\">\n\t\t\t\t<div class=\"elementor-widget-container\">\n\t\t\t\t\t<div class=\"pxl-grid pxl-team-grid pxl-team-grid1 style-overlay\" data-layout=\"masonry\">\r\n    <div class=\"pxl-grid-inner pxl-grid-masonry row\" data-gutter=\"15\">\r\n        <div class=\"grid-sizer col-xl-3 col-lg-3 col-md-6 col-sm-6 col-12\"><\/div>\r\n                <div class=\"pxl-grid-item col-xl-3 col-lg-3 col-md-6 col-sm-6 col-12\">\r\n            <div class=\"pxl-item--inner wow skewInUp\">\r\n                                    <div class=\"pxl-item--image el-parallax-wrap\">\r\n                        <a class=\"el-parallax-item\" href=\"https:\/\/www.crealabagency.com\/en\/zeynep-sarsilmaz\/\">                        <img fetchpriority=\"high\" decoding=\"async\" width=\"340\" height=\"340\" src=\"https:\/\/www.crealabagency.com\/wp-content\/uploads\/2025\/05\/1.png\" class=\"no-lazyload attachment-full\" alt=\"\" loading=\"eager\" \/>                        <\/a>  \r\n                        <a class=\"el-parallax-item item-link\" href=\"https:\/\/www.crealabagency.com\/en\/zeynep-sarsilmaz\/\">                        <\/a>                                     \r\n                    <\/div>\r\n                                <div class=\"pxl-item--meta\">\r\n                                            <h5 class=\"pxl-item--title el-empty\">\r\n                            <a href=\"https:\/\/www.crealabagency.com\/en\/zeynep-sarsilmaz\/\">                            Zeynep Sars\u0131lmaz                            <\/a>                        <\/h5>\r\n                                                                <div class=\"pxl-item--position el-empty\">Founder & Creative Lead<\/div>\r\n                                                                <div class=\"pxl-item--social\">\r\n                                             <\/div>\r\n                            <\/div>\r\n        <\/div>\r\n    <\/div>\r\n        <div class=\"pxl-grid-item col-xl-3 col-lg-3 col-md-6 col-sm-6 col-12\">\r\n            <div class=\"pxl-item--inner wow skewInUp\">\r\n                                    <div class=\"pxl-item--image el-parallax-wrap\">\r\n                        <a class=\"el-parallax-item\" href=\"https:\/\/www.crealabagency.com\/en\/ayfer-yesil\/\">                        <img decoding=\"async\" width=\"340\" height=\"340\" src=\"https:\/\/www.crealabagency.com\/wp-content\/uploads\/2025\/05\/2.png\" class=\"no-lazyload attachment-full\" alt=\"\" loading=\"eager\" \/>                        <\/a>  \r\n                        <a class=\"el-parallax-item item-link\" href=\"https:\/\/www.crealabagency.com\/en\/ayfer-yesil\/\">                        <\/a>                                     \r\n                    <\/div>\r\n                                <div class=\"pxl-item--meta\">\r\n                                            <h5 class=\"pxl-item--title el-empty\">\r\n                            <a href=\"https:\/\/www.crealabagency.com\/en\/ayfer-yesil\/\">                            Ayfer Ye\u015fil                            <\/a>                        <\/h5>\r\n                                                                <div class=\"pxl-item--position el-empty\">Graphic Designer<\/div>\r\n                                                                <div class=\"pxl-item--social\">\r\n                                             <\/div>\r\n                            <\/div>\r\n        <\/div>\r\n    <\/div>\r\n        <div class=\"pxl-grid-item col-xl-3 col-lg-3 col-md-6 col-sm-6 col-12\">\r\n            <div class=\"pxl-item--inner wow skewInUp\">\r\n                                    <div class=\"pxl-item--image el-parallax-wrap\">\r\n                        <a class=\"el-parallax-item\" href=\"https:\/\/www.crealabagency.com\/en\/gokhan-ercumen\/\">                        <img decoding=\"async\" width=\"340\" height=\"340\" src=\"https:\/\/www.crealabagency.com\/wp-content\/uploads\/2025\/05\/3.png\" class=\"no-lazyload attachment-full\" alt=\"\" loading=\"eager\" \/>                        <\/a>  \r\n                        <a class=\"el-parallax-item item-link\" href=\"https:\/\/www.crealabagency.com\/en\/gokhan-ercumen\/\">                        <\/a>                                     \r\n                    <\/div>\r\n                                <div class=\"pxl-item--meta\">\r\n                                            <h5 class=\"pxl-item--title el-empty\">\r\n                            <a href=\"https:\/\/www.crealabagency.com\/en\/gokhan-ercumen\/\">                            G\u00f6khan Erc\u00fcmen                            <\/a>                        <\/h5>\r\n                                                                <div class=\"pxl-item--position el-empty\">Social Media Specialist<\/div>\r\n                                                                <div class=\"pxl-item--social\">\r\n                                             <\/div>\r\n                            <\/div>\r\n        <\/div>\r\n    <\/div>\r\n        <div class=\"pxl-grid-item col-xl-3 col-lg-3 col-md-6 col-sm-6 col-12\">\r\n            <div class=\"pxl-item--inner wow skewInUp\">\r\n                                    <div class=\"pxl-item--image el-parallax-wrap\">\r\n                        <a class=\"el-parallax-item\" href=\"https:\/\/www.crealabagency.com\/en\/serdarcan-karakaya\/\">                        <img decoding=\"async\" width=\"340\" height=\"340\" src=\"https:\/\/www.crealabagency.com\/wp-content\/uploads\/2025\/05\/4.png\" class=\"no-lazyload attachment-full\" alt=\"\" loading=\"eager\" \/>                        <\/a>  \r\n                        <a class=\"el-parallax-item item-link\" href=\"https:\/\/www.crealabagency.com\/en\/serdarcan-karakaya\/\">                        <\/a>                                     \r\n                    <\/div>\r\n                                <div class=\"pxl-item--meta\">\r\n                                            <h5 class=\"pxl-item--title el-empty\">\r\n                            <a href=\"https:\/\/www.crealabagency.com\/en\/serdarcan-karakaya\/\">                            Serdarcan Karakaya                            <\/a>                        <\/h5>\r\n                                                                <div class=\"pxl-item--position el-empty\">Motion Designer<\/div>\r\n                                                                <div class=\"pxl-item--social\">\r\n                                             <\/div>\r\n                            <\/div>\r\n        <\/div>\r\n    <\/div>\r\n        <div class=\"pxl-grid-item col-xl-3 col-lg-3 col-md-6 col-sm-6 col-12\">\r\n            <div class=\"pxl-item--inner wow skewInUp\">\r\n                                    <div class=\"pxl-item--image el-parallax-wrap\">\r\n                        <a class=\"el-parallax-item\" href=\"https:\/\/www.crealabagency.com\/en\/cagla-boga-ercumen\/\">                        <img decoding=\"async\" width=\"340\" height=\"340\" src=\"https:\/\/www.crealabagency.com\/wp-content\/uploads\/2025\/05\/5.png\" class=\"no-lazyload attachment-full\" alt=\"\" loading=\"eager\" \/>                        <\/a>  \r\n                        <a class=\"el-parallax-item item-link\" href=\"https:\/\/www.crealabagency.com\/en\/cagla-boga-ercumen\/\">                        <\/a>                                     \r\n                    <\/div>\r\n                                <div class=\"pxl-item--meta\">\r\n                                            <h5 class=\"pxl-item--title el-empty\">\r\n                            <a href=\"https:\/\/www.crealabagency.com\/en\/cagla-boga-ercumen\/\">                            \u00c7a\u011fla Bo\u011fa                            <\/a>                        <\/h5>\r\n                                                                <div class=\"pxl-item--position el-empty\">Copywriter<\/div>\r\n                                                                <div class=\"pxl-item--social\">\r\n                                             <\/div>\r\n                            <\/div>\r\n        <\/div>\r\n    <\/div>\r\n        <div class=\"pxl-grid-item col-xl-3 col-lg-3 col-md-6 col-sm-6 col-12\">\r\n            <div class=\"pxl-item--inner wow skewInUp\">\r\n                                    <div class=\"pxl-item--image el-parallax-wrap\">\r\n                        <a class=\"el-parallax-item\" href=\"https:\/\/www.crealabagency.com\/en\/tevfik-ercan\/\">                        <img decoding=\"async\" width=\"340\" height=\"340\" src=\"https:\/\/www.crealabagency.com\/wp-content\/uploads\/2025\/05\/6.png\" class=\"no-lazyload attachment-full\" alt=\"\" loading=\"eager\" \/>                        <\/a>  \r\n                        <a class=\"el-parallax-item item-link\" href=\"https:\/\/www.crealabagency.com\/en\/tevfik-ercan\/\">                        <\/a>                                     \r\n                    <\/div>\r\n                                <div class=\"pxl-item--meta\">\r\n                                            <h5 class=\"pxl-item--title el-empty\">\r\n                            <a href=\"https:\/\/www.crealabagency.com\/en\/tevfik-ercan\/\">                            Tevfik Ercan                            <\/a>                        <\/h5>\r\n                                                                <div class=\"pxl-item--position el-empty\">Performance Marketing Specialist<\/div>\r\n                                                                <div class=\"pxl-item--social\">\r\n                                             <\/div>\r\n                            <\/div>\r\n        <\/div>\r\n    <\/div>\r\n        <div class=\"pxl-grid-item col-xl-3 col-lg-3 col-md-6 col-sm-6 col-12\">\r\n            <div class=\"pxl-item--inner wow skewInUp\">\r\n                                    <div class=\"pxl-item--image el-parallax-wrap\">\r\n                        <a class=\"el-parallax-item\" href=\"https:\/\/www.crealabagency.com\/en\/nuri-can-dagdeviren\/\">                        <img decoding=\"async\" width=\"340\" height=\"340\" src=\"https:\/\/www.crealabagency.com\/wp-content\/uploads\/2025\/05\/7.png\" class=\"no-lazyload attachment-full\" alt=\"\" loading=\"eager\" \/>                        <\/a>  \r\n                        <a class=\"el-parallax-item item-link\" href=\"https:\/\/www.crealabagency.com\/en\/nuri-can-dagdeviren\/\">                        <\/a>                                     \r\n                    <\/div>\r\n                                <div class=\"pxl-item--meta\">\r\n                                            <h5 class=\"pxl-item--title el-empty\">\r\n                            <a href=\"https:\/\/www.crealabagency.com\/en\/nuri-can-dagdeviren\/\">                            Nuri Can Da\u011fdeviren                            <\/a>                        <\/h5>\r\n                                                                <div class=\"pxl-item--position el-empty\">Videographer<\/div>\r\n                                                                <div class=\"pxl-item--social\">\r\n                                             <\/div>\r\n                            <\/div>\r\n        <\/div>\r\n    <\/div>\r\n        <div class=\"pxl-grid-item col-xl-3 col-lg-3 col-md-6 col-sm-6 col-12\">\r\n            <div class=\"pxl-item--inner wow skewInUp\">\r\n                                    <div class=\"pxl-item--image el-parallax-wrap\">\r\n                        <a class=\"el-parallax-item\" href=\"https:\/\/www.crealabagency.com\/en\/nuri-ufuk-sarsilmaz\/\">                        <img decoding=\"async\" width=\"340\" height=\"340\" src=\"https:\/\/www.crealabagency.com\/wp-content\/uploads\/2025\/05\/8.png\" class=\"no-lazyload attachment-full\" alt=\"\" loading=\"eager\" \/>                        <\/a>  \r\n                        <a class=\"el-parallax-item item-link\" href=\"https:\/\/www.crealabagency.com\/en\/nuri-ufuk-sarsilmaz\/\">                        <\/a>                                     \r\n                    <\/div>\r\n                                <div class=\"pxl-item--meta\">\r\n                                            <h5 class=\"pxl-item--title el-empty\">\r\n                            <a href=\"https:\/\/www.crealabagency.com\/en\/nuri-ufuk-sarsilmaz\/\">                            Nuri Ufuk Sars\u0131lmaz                            <\/a>                        <\/h5>\r\n                                                                <div class=\"pxl-item--position el-empty\">Marketing Advisor<\/div>\r\n                                                                <div class=\"pxl-item--social\">\r\n                                             <\/div>\r\n                            <\/div>\r\n        <\/div>\r\n    <\/div>\r\n        <div class=\"pxl-grid-item col-xl-3 col-lg-3 col-md-6 col-sm-6 col-12\">\r\n            <div class=\"pxl-item--inner wow skewInUp\">\r\n                                    <div class=\"pxl-item--image el-parallax-wrap\">\r\n                        <a class=\"el-parallax-item\" href=\"https:\/\/www.crealabagency.com\/en\/adem-duran\/\">                        <img decoding=\"async\" width=\"340\" height=\"340\" src=\"https:\/\/www.crealabagency.com\/wp-content\/uploads\/2025\/06\/frontend_adem.png\" class=\"no-lazyload attachment-full\" alt=\"\" loading=\"eager\" \/>                        <\/a>  \r\n                        <a class=\"el-parallax-item item-link\" href=\"https:\/\/www.crealabagency.com\/en\/adem-duran\/\">                        <\/a>                                     \r\n                    <\/div>\r\n                                <div class=\"pxl-item--meta\">\r\n                                            <h5 class=\"pxl-item--title el-empty\">\r\n                            <a href=\"https:\/\/www.crealabagency.com\/en\/adem-duran\/\">                            Adem Duran                            <\/a>                        <\/h5>\r\n                                                                <div class=\"pxl-item--position el-empty\">Web Developer<\/div>\r\n                                                                <div class=\"pxl-item--social\">\r\n                                             <\/div>\r\n                            <\/div>\r\n        <\/div>\r\n    <\/div>\r\n        <div class=\"pxl-grid-item col-xl-3 col-lg-3 col-md-6 col-sm-6 col-12\">\r\n            <div class=\"pxl-item--inner wow skewInUp\">\r\n                                    <div class=\"pxl-item--image el-parallax-wrap\">\r\n                        <a class=\"el-parallax-item\" href=\"https:\/\/www.crealabagency.com\/en\/nurhayat-sancaktar\/\">                        <img decoding=\"async\" width=\"340\" height=\"340\" src=\"https:\/\/www.crealabagency.com\/wp-content\/uploads\/2025\/06\/nurhayat_sancaktar.png\" class=\"no-lazyload attachment-full\" alt=\"\" loading=\"eager\" \/>                        <\/a>  \r\n                        <a class=\"el-parallax-item item-link\" href=\"https:\/\/www.crealabagency.com\/en\/nurhayat-sancaktar\/\">                        <\/a>                                     \r\n                    <\/div>\r\n                                <div class=\"pxl-item--meta\">\r\n                                            <h5 class=\"pxl-item--title el-empty\">\r\n                            <a href=\"https:\/\/www.crealabagency.com\/en\/nurhayat-sancaktar\/\">                            Nurhayat Sancaktar                             <\/a>                        <\/h5>\r\n                                                                <div class=\"pxl-item--position el-empty\">Intern<\/div>\r\n                                                                <div class=\"pxl-item--social\">\r\n                                             <\/div>\r\n                            <\/div>\r\n        <\/div>\r\n    <\/div>\r\n<\/div>\r\n<\/div>\r\n\t\t\t\t<\/div>\n\t\t\t\t<\/div>\n\t\t            <\/div>\r\n        <\/div>\r\n        \t\t\t<\/div>\n\t\t<\/section>\n\t\t\t\t<\/div>\n\t\t","protected":false},"excerpt":{"rendered":"<p>Zeynep Sars\u0131lmaz Founder &#038; Creative Lead Ayfer Ye\u015fil Graphic Designer G\u00f6khan Erc\u00fcmen Social Media Specialist Serdarcan Karakaya Motion Designer \u00c7a\u011fla Bo\u011fa Copywriter Tevfik Ercan Performance Marketing Specialist Nuri Can Da\u011fdeviren Videographer Nuri Ufuk Sars\u0131lmaz Marketing Advisor Adem Duran Web Developer Nurhayat Sancaktar Intern<\/p>\n","protected":false},"author":1,"featured_media":0,"parent":0,"menu_order":0,"comment_status":"closed","ping_status":"closed","template":"","meta":{"footnotes":""},"class_list":["post-19720","page","type-page","status-publish","hentry"],"aioseo_notices":[],"_links":{"self":[{"href":"https:\/\/www.crealabagency.com\/en\/wp-json\/wp\/v2\/pages\/19720","targetHints":{"allow":["GET"]}}],"collection":[{"href":"https:\/\/www.crealabagency.com\/en\/wp-json\/wp\/v2\/pages"}],"about":[{"href":"https:\/\/www.crealabagency.com\/en\/wp-json\/wp\/v2\/types\/page"}],"author":[{"embeddable":true,"href":"https:\/\/www.crealabagency.com\/en\/wp-json\/wp\/v2\/users\/1"}],"replies":[{"embeddable":true,"href":"https:\/\/www.crealabagency.com\/en\/wp-json\/wp\/v2\/comments?post=19720"}],"version-history":[{"count":10,"href":"https:\/\/www.crealabagency.com\/en\/wp-json\/wp\/v2\/pages\/19720\/revisions"}],"predecessor-version":[{"id":20083,"href":"https:\/\/www.crealabagency.com\/en\/wp-json\/wp\/v2\/pages\/19720\/revisions\/20083"}],"wp:attachment":[{"href":"https:\/\/www.crealabagency.com\/en\/wp-json\/wp\/v2\/media?parent=19720"}],"curies":[{"name":"wp","href":"https:\/\/api.w.org\/{rel}","templated":true}]}}